{"id":6012,"date":"2023-03-03T22:03:37","date_gmt":"2023-03-03T22:03:37","guid":{"rendered":"https:\/\/mundodelcafe.com.pe\/?page_id=6012"},"modified":"2023-03-03T22:03:37","modified_gmt":"2023-03-03T22:03:37","slug":"preguntas-frecuentes","status":"publish","type":"page","link":"https:\/\/mundodelcafe.com.pe\/index.php\/preguntas-frecuentes\/","title":{"rendered":"Preguntas frecuentes"},"content":{"rendered":"\n<p><strong>\u00bfCu\u00e1l es el costo de env\u00edo?<\/strong><\/p>\n\n\n\n<p>El costo de env\u00edo ser\u00e1 mostrado en base al total de la compra y ubicaci\u00f3n, en el checkout, en el momento previo a la compra.<\/p>\n\n\n\n<p><strong>\u00bfC\u00f3mo se realizan los env\u00edos?<\/strong><\/p>\n\n\n\n<p>Trabajamos con:<\/p>\n\n\n\n<p>Delivery independiente.<\/p>\n\n\n\n<p><strong>\u00bfD\u00f3nde puedo recibir mi pedido?<\/strong><\/p>\n\n\n\n<p>Realizamos entregas solo los d\u00edas h\u00e1biles.<br>El tiempo de entrega depender\u00e1 del tipo de env\u00edo seleccionado.&nbsp;<br>Todos los pedidos realizados antes de las 13hs, se entregan en el d\u00eda, siempre dentro del rango de las 16hs y 22hs.<br>Si ten\u00e9s alguna limitaci\u00f3n horaria, podes aclararnos tu disponibilidad en las notas de la compra antes de finalizar el pedido, teniendo en cuenta nuestro rango de entrega.&nbsp;<\/p>\n\n\n\n<p><strong>\u00bfCu\u00e1nto tarda en llegar el pedido?<\/strong><\/p>\n\n\n\n<p>El tiempo de entrega depender\u00e1 del tipo de env\u00edo seleccionado. En general la demora se encuentra entre 1&nbsp;y 7 d\u00edas h\u00e1biles luego de acreditado el pago.<\/p>\n\n\n\n<p><strong>\u00bfCu\u00e1l es el plazo para realizar un cambio?<\/strong><\/p>\n\n\n\n<p>Puedes solicitar un cambio hasta 3 d\u00edas luego de realizada la compra.<\/p>\n\n\n\n<p><strong>\u00bfQu\u00e9 debo hacer si el producto no llega en buen estado?<\/strong><\/p>\n\n\n\n<p>Ponete en contacto con nosotros a trav\u00e9s del WhatsApp (+54 9 11 6424-5407) y evaluaremos tu caso.<\/p>\n","protected":false},"excerpt":{"rendered":"<p>\u00bfCu\u00e1l es el costo de env\u00edo? El costo de env\u00edo ser\u00e1 mostrado en base al total de la compra y ubicaci\u00f3n, en el checkout, en el momento previo a la compra. \u00bfC\u00f3mo se realizan los env\u00edos? Trabajamos con: Delivery independiente. &hellip; <a href=\"https:\/\/mundodelcafe.com.pe\/index.php\/preguntas-frecuentes\/\">Readmore<\/a><\/p>\n","protected":false},"author":1,"featured_media":0,"parent":0,"menu_order":0,"comment_status":"closed","ping_status":"closed","template":"","meta":{"footnotes":""},"class_list":["post-6012","page","type-page","status-publish","hentry"],"_links":{"self":[{"href":"https:\/\/mundodelcafe.com.pe\/index.php\/wp-json\/wp\/v2\/pages\/6012","targetHints":{"allow":["GET"]}}],"collection":[{"href":"https:\/\/mundodelcafe.com.pe\/index.php\/wp-json\/wp\/v2\/pages"}],"about":[{"href":"https:\/\/mundodelcafe.com.pe\/index.php\/wp-json\/wp\/v2\/types\/page"}],"author":[{"embeddable":true,"href":"https:\/\/mundodelcafe.com.pe\/index.php\/wp-json\/wp\/v2\/users\/1"}],"replies":[{"embeddable":true,"href":"https:\/\/mundodelcafe.com.pe\/index.php\/wp-json\/wp\/v2\/comments?post=6012"}],"version-history":[{"count":1,"href":"https:\/\/mundodelcafe.com.pe\/index.php\/wp-json\/wp\/v2\/pages\/6012\/revisions"}],"predecessor-version":[{"id":6014,"href":"https:\/\/mundodelcafe.com.pe\/index.php\/wp-json\/wp\/v2\/pages\/6012\/revisions\/6014"}],"wp:attachment":[{"href":"https:\/\/mundodelcafe.com.pe\/index.php\/wp-json\/wp\/v2\/media?parent=6012"}],"curies":[{"name":"wp","href":"https:\/\/api.w.org\/{rel}","templated":true}]}}