{"id":6047,"date":"2023-03-14T02:58:49","date_gmt":"2023-03-14T02:58:49","guid":{"rendered":"https:\/\/mundodelcafe.com.pe\/?page_id=6047"},"modified":"2023-06-01T22:44:27","modified_gmt":"2023-06-01T22:44:27","slug":"cafe-verde","status":"publish","type":"page","link":"https:\/\/mundodelcafe.com.pe\/index.php\/cafe-verde\/","title":{"rendered":"CAFE VERDE"},"content":{"rendered":"\t\t<div data-elementor-type=\"wp-page\" data-elementor-id=\"6047\" class=\"elementor elementor-6047\">\n\t\t\t\t\t\t\t\t\t<section class=\"elementor-section elementor-top-section elementor-element elementor-element-2027a0e elementor-section-boxed elementor-section-height-default elementor-section-height-default\" data-id=\"2027a0e\" data-element_type=\"section\" data-settings=\"{&quot;background_background&quot;:&quot;classic&quot;}\">\n\t\t\t\t\t\t\t<div class=\"elementor-background-overlay\"><\/div>\n\t\t\t\t\t\t\t<div class=\"elementor-container elementor-column-gap-default\">\n\t\t\t\t\t<div class=\"elementor-column elementor-col-100 elementor-top-column elementor-element elementor-element-ba73dda\" data-id=\"ba73dda\" data-element_type=\"column\">\n\t\t\t<div class=\"elementor-widget-wrap elementor-element-populated\">\n\t\t\t\t\t\t\t\t<div class=\"elementor-element elementor-element-8253b06 elementor-widget elementor-widget-heading\" data-id=\"8253b06\" data-element_type=\"widget\" data-widget_type=\"heading.default\">\n\t\t\t\t<div class=\"elementor-widget-container\">\n\t\t\t<style>\/*! elementor - v3.11.2 - 22-02-2023 *\/\n.elementor-heading-title{padding:0;margin:0;line-height:1}.elementor-widget-heading .elementor-heading-title[class*=elementor-size-]>a{color:inherit;font-size:inherit;line-height:inherit}.elementor-widget-heading .elementor-heading-title.elementor-size-small{font-size:15px}.elementor-widget-heading .elementor-heading-title.elementor-size-medium{font-size:19px}.elementor-widget-heading .elementor-heading-title.elementor-size-large{font-size:29px}.elementor-widget-heading .elementor-heading-title.elementor-size-xl{font-size:39px}.elementor-widget-heading .elementor-heading-title.elementor-size-xxl{font-size:59px}<\/style><h2 class=\"elementor-heading-title elementor-size-default\">Caf\u00e9 verde<\/h2>\t\t<\/div>\n\t\t\t\t<\/div>\n\t\t\t\t\t<\/div>\n\t\t<\/div>\n\t\t\t\t\t\t\t<\/div>\n\t\t<\/section>\n\t\t\t\t<section class=\"elementor-section elementor-top-section elementor-element elementor-element-2964c2a elementor-section-stretched elementor-section-boxed elementor-section-height-default elementor-section-height-default\" data-id=\"2964c2a\" data-element_type=\"section\" data-settings=\"{&quot;stretch_section&quot;:&quot;section-stretched&quot;}\">\n\t\t\t\t\t\t<div class=\"elementor-container elementor-column-gap-default\">\n\t\t\t\t\t<div class=\"elementor-column elementor-col-50 elementor-top-column elementor-element elementor-element-1c42c00\" data-id=\"1c42c00\" data-element_type=\"column\">\n\t\t\t<div class=\"elementor-widget-wrap elementor-element-populated\">\n\t\t\t\t\t\t\t\t<div class=\"elementor-element elementor-element-0a95b53 elementor-headline--style-highlight elementor-widget elementor-widget-animated-headline\" data-id=\"0a95b53\" data-element_type=\"widget\" data-settings=\"{&quot;marker&quot;:&quot;underline&quot;,&quot;highlighted_text&quot;:&quot;mejor calidad&quot;,&quot;headline_style&quot;:&quot;highlight&quot;,&quot;loop&quot;:&quot;yes&quot;,&quot;highlight_animation_duration&quot;:1200,&quot;highlight_iteration_delay&quot;:8000}\" data-widget_type=\"animated-headline.default\">\n\t\t\t\t<div class=\"elementor-widget-container\">\n\t\t\t<link rel=\"stylesheet\" href=\"https:\/\/mundodelcafe.com.pe\/wp-content\/plugins\/elementor-pro\/assets\/css\/widget-animated-headline.min.css\">\t\t<h3 class=\"elementor-headline\">\n\t\t\t\t\t<span class=\"elementor-headline-plain-text elementor-headline-text-wrapper\">Granos de la <\/span>\n\t\t\t\t<span class=\"elementor-headline-dynamic-wrapper elementor-headline-text-wrapper\">\n\t\t\t\t\t<span class=\"elementor-headline-dynamic-text elementor-headline-text-active\">mejor calidad<\/span>\n\t\t\t\t<\/span>\n\t\t\t\t<\/h3>\n\t\t\t\t<\/div>\n\t\t\t\t<\/div>\n\t\t\t\t<div class=\"elementor-element elementor-element-89069ce elementor-widget elementor-widget-text-editor\" data-id=\"89069ce\" data-element_type=\"widget\" data-widget_type=\"text-editor.default\">\n\t\t\t\t<div class=\"elementor-widget-container\">\n\t\t\t<style>\/*! elementor - v3.11.2 - 22-02-2023 *\/\n.elementor-widget-text-editor.elementor-drop-cap-view-stacked .elementor-drop-cap{background-color:#818a91;color:#fff}.elementor-widget-text-editor.elementor-drop-cap-view-framed .elementor-drop-cap{color:#818a91;border:3px solid;background-color:transparent}.elementor-widget-text-editor:not(.elementor-drop-cap-view-default) .elementor-drop-cap{margin-top:8px}.elementor-widget-text-editor:not(.elementor-drop-cap-view-default) .elementor-drop-cap-letter{width:1em;height:1em}.elementor-widget-text-editor .elementor-drop-cap{float:left;text-align:center;line-height:1;font-size:50px}.elementor-widget-text-editor .elementor-drop-cap-letter{display:inline-block}<\/style>\t\t\t\t<p>Fina selecci\u00f3n de los mejores granos de caf\u00e9 cultivados principalmente en el valle de La Convenci\u00f3n en la regi\u00f3n sur de Cusco, y del valle de Chanchamayo en la regi\u00f3n de la selva central del Per\u00fa. Nuestros caf\u00e9s cuentan con certificaciones que nos permiten ofrecer nuestros productos a mercados internacionales.<\/p>\t\t\t\t\t\t<\/div>\n\t\t\t\t<\/div>\n\t\t\t\t\t<\/div>\n\t\t<\/div>\n\t\t\t\t<div class=\"elementor-column elementor-col-50 elementor-top-column elementor-element elementor-element-a9efe16\" data-id=\"a9efe16\" data-element_type=\"column\">\n\t\t\t<div class=\"elementor-widget-wrap elementor-element-populated\">\n\t\t\t\t\t\t\t\t<div class=\"elementor-element elementor-element-8da20f2 elementor-widget elementor-widget-image\" data-id=\"8da20f2\" data-element_type=\"widget\" data-widget_type=\"image.default\">\n\t\t\t\t<div class=\"elementor-widget-container\">\n\t\t\t<style>\/*! elementor - v3.11.2 - 22-02-2023 *\/\n.elementor-widget-image{text-align:center}.elementor-widget-image a{display:inline-block}.elementor-widget-image a img[src$=\".svg\"]{width:48px}.elementor-widget-image img{vertical-align:middle;display:inline-block}<\/style>\t\t\t\t\t\t\t\t\t\t\t\t<img loading=\"lazy\" decoding=\"async\" width=\"940\" height=\"748\" src=\"https:\/\/mundodelcafe.com.pe\/wp-content\/uploads\/2023\/03\/cafes.jpg\" class=\"attachment-large size-large wp-image-6061\" alt=\"\" srcset=\"https:\/\/mundodelcafe.com.pe\/wp-content\/uploads\/2023\/03\/cafes.jpg 980w, https:\/\/mundodelcafe.com.pe\/wp-content\/uploads\/2023\/03\/cafes-300x239.jpg 300w, https:\/\/mundodelcafe.com.pe\/wp-content\/uploads\/2023\/03\/cafes-768x611.jpg 768w, https:\/\/mundodelcafe.com.pe\/wp-content\/uploads\/2023\/03\/cafes-600x478.jpg 600w\" sizes=\"auto, (max-width: 940px) 100vw, 940px\" \/>\t\t\t\t\t\t\t\t\t\t\t\t\t\t\t<\/div>\n\t\t\t\t<\/div>\n\t\t\t\t\t<\/div>\n\t\t<\/div>\n\t\t\t\t\t\t\t<\/div>\n\t\t<\/section>\n\t\t\t\t<section class=\"elementor-section elementor-top-section elementor-element elementor-element-73fdd4d elementor-section-stretched elementor-section-boxed elementor-section-height-default elementor-section-height-default\" data-id=\"73fdd4d\" data-element_type=\"section\" data-settings=\"{&quot;stretch_section&quot;:&quot;section-stretched&quot;}\">\n\t\t\t\t\t\t<div class=\"elementor-container elementor-column-gap-default\">\n\t\t\t\t\t<div class=\"elementor-column elementor-col-50 elementor-top-column elementor-element elementor-element-9096b8d\" data-id=\"9096b8d\" data-element_type=\"column\">\n\t\t\t<div class=\"elementor-widget-wrap elementor-element-populated\">\n\t\t\t\t\t\t\t\t<div class=\"elementor-element elementor-element-d2ef14f elementor-widget elementor-widget-image\" data-id=\"d2ef14f\" data-element_type=\"widget\" data-widget_type=\"image.default\">\n\t\t\t\t<div class=\"elementor-widget-container\">\n\t\t\t\t\t\t\t\t\t\t\t\t\t\t\t<img loading=\"lazy\" decoding=\"async\" width=\"940\" height=\"505\" src=\"https:\/\/mundodelcafe.com.pe\/wp-content\/uploads\/2023\/03\/Diseno-sin-titulo-70-1024x550.jpg\" class=\"attachment-large size-large wp-image-6065\" alt=\"\" srcset=\"https:\/\/mundodelcafe.com.pe\/wp-content\/uploads\/2023\/03\/Diseno-sin-titulo-70-1024x550.jpg 1024w, https:\/\/mundodelcafe.com.pe\/wp-content\/uploads\/2023\/03\/Diseno-sin-titulo-70-300x161.jpg 300w, https:\/\/mundodelcafe.com.pe\/wp-content\/uploads\/2023\/03\/Diseno-sin-titulo-70-768x412.jpg 768w, https:\/\/mundodelcafe.com.pe\/wp-content\/uploads\/2023\/03\/Diseno-sin-titulo-70-600x322.jpg 600w, https:\/\/mundodelcafe.com.pe\/wp-content\/uploads\/2023\/03\/Diseno-sin-titulo-70.jpg 1080w\" sizes=\"auto, (max-width: 940px) 100vw, 940px\" \/>\t\t\t\t\t\t\t\t\t\t\t\t\t\t\t<\/div>\n\t\t\t\t<\/div>\n\t\t\t\t<div class=\"elementor-element elementor-element-76d0a7f elementor-widget elementor-widget-heading\" data-id=\"76d0a7f\" data-element_type=\"widget\" data-widget_type=\"heading.default\">\n\t\t\t\t<div class=\"elementor-widget-container\">\n\t\t\t<h2 class=\"elementor-heading-title elementor-size-default\">CAF\u00c9 ORG\u00c1NICO<\/h2>\t\t<\/div>\n\t\t\t\t<\/div>\n\t\t\t\t<div class=\"elementor-element elementor-element-775f502 elementor-widget elementor-widget-text-editor\" data-id=\"775f502\" data-element_type=\"widget\" data-widget_type=\"text-editor.default\">\n\t\t\t\t<div class=\"elementor-widget-container\">\n\t\t\t\t\t\t\t<p>En nuestra l\u00ednea de caf\u00e9s en granos verdes contamos con caf\u00e9s org\u00e1nicos. Los cuales cuentan con certificaci\u00f3n que beneficia a generaciones enteras de familias de productores<\/p>\t\t\t\t\t\t<\/div>\n\t\t\t\t<\/div>\n\t\t\t\t\t<\/div>\n\t\t<\/div>\n\t\t\t\t<div class=\"elementor-column elementor-col-50 elementor-top-column elementor-element elementor-element-b80dc7e\" data-id=\"b80dc7e\" data-element_type=\"column\">\n\t\t\t<div class=\"elementor-widget-wrap elementor-element-populated\">\n\t\t\t\t\t\t\t\t<div class=\"elementor-element elementor-element-aab2a56 elementor-widget elementor-widget-image\" data-id=\"aab2a56\" data-element_type=\"widget\" data-widget_type=\"image.default\">\n\t\t\t\t<div class=\"elementor-widget-container\">\n\t\t\t\t\t\t\t\t\t\t\t\t\t\t\t<img loading=\"lazy\" decoding=\"async\" width=\"940\" height=\"505\" src=\"https:\/\/mundodelcafe.com.pe\/wp-content\/uploads\/2023\/03\/Diseno-sin-titulo-70-1024x550.jpg\" class=\"attachment-large size-large wp-image-6065\" alt=\"\" srcset=\"https:\/\/mundodelcafe.com.pe\/wp-content\/uploads\/2023\/03\/Diseno-sin-titulo-70-1024x550.jpg 1024w, https:\/\/mundodelcafe.com.pe\/wp-content\/uploads\/2023\/03\/Diseno-sin-titulo-70-300x161.jpg 300w, https:\/\/mundodelcafe.com.pe\/wp-content\/uploads\/2023\/03\/Diseno-sin-titulo-70-768x412.jpg 768w, https:\/\/mundodelcafe.com.pe\/wp-content\/uploads\/2023\/03\/Diseno-sin-titulo-70-600x322.jpg 600w, https:\/\/mundodelcafe.com.pe\/wp-content\/uploads\/2023\/03\/Diseno-sin-titulo-70.jpg 1080w\" sizes=\"auto, (max-width: 940px) 100vw, 940px\" \/>\t\t\t\t\t\t\t\t\t\t\t\t\t\t\t<\/div>\n\t\t\t\t<\/div>\n\t\t\t\t<div class=\"elementor-element elementor-element-fcdf2a0 elementor-widget elementor-widget-heading\" data-id=\"fcdf2a0\" data-element_type=\"widget\" data-widget_type=\"heading.default\">\n\t\t\t\t<div class=\"elementor-widget-container\">\n\t\t\t<h2 class=\"elementor-heading-title elementor-size-default\">CAF\u00c9 ESPECIAL\n<\/h2>\t\t<\/div>\n\t\t\t\t<\/div>\n\t\t\t\t<div class=\"elementor-element elementor-element-bd98510 elementor-widget elementor-widget-text-editor\" data-id=\"bd98510\" data-element_type=\"widget\" data-widget_type=\"text-editor.default\">\n\t\t\t\t<div class=\"elementor-widget-container\">\n\t\t\t\t\t\t\t<p>Nuestro caf\u00e9 peruano de especialidad es una selecci\u00f3n de granos cultivados en ricos pisos ecol\u00f3gicos de 1,200 a 1,800 m.s.n.m, que est\u00e1n en armon\u00eda con la naturaleza y se caracterizan por sus or\u00edgenes \u00fanicos, procesos especiales, sabor y aroma pronunciado.<\/p>\t\t\t\t\t\t<\/div>\n\t\t\t\t<\/div>\n\t\t\t\t\t<\/div>\n\t\t<\/div>\n\t\t\t\t\t\t\t<\/div>\n\t\t<\/section>\n\t\t\t\t<section class=\"elementor-section elementor-top-section elementor-element elementor-element-7d5eaeb elementor-section-stretched elementor-section-boxed elementor-section-height-default elementor-section-height-default\" data-id=\"7d5eaeb\" data-element_type=\"section\" data-settings=\"{&quot;stretch_section&quot;:&quot;section-stretched&quot;}\">\n\t\t\t\t\t\t<div class=\"elementor-container elementor-column-gap-default\">\n\t\t\t\t\t<div class=\"elementor-column elementor-col-25 elementor-top-column elementor-element elementor-element-3bfa6fb\" data-id=\"3bfa6fb\" data-element_type=\"column\">\n\t\t\t<div class=\"elementor-widget-wrap elementor-element-populated\">\n\t\t\t\t\t\t\t\t<div class=\"elementor-element elementor-element-6c0e107 elementor-widget elementor-widget-image\" data-id=\"6c0e107\" data-element_type=\"widget\" data-widget_type=\"image.default\">\n\t\t\t\t<div class=\"elementor-widget-container\">\n\t\t\t\t\t\t\t\t\t\t\t\t\t\t\t<img loading=\"lazy\" decoding=\"async\" width=\"860\" height=\"580\" src=\"https:\/\/mundodelcafe.com.pe\/wp-content\/uploads\/2023\/03\/Diseno-sin-titulo-71.jpg\" class=\"attachment-large size-large wp-image-6067\" alt=\"\" srcset=\"https:\/\/mundodelcafe.com.pe\/wp-content\/uploads\/2023\/03\/Diseno-sin-titulo-71.jpg 860w, https:\/\/mundodelcafe.com.pe\/wp-content\/uploads\/2023\/03\/Diseno-sin-titulo-71-300x202.jpg 300w, https:\/\/mundodelcafe.com.pe\/wp-content\/uploads\/2023\/03\/Diseno-sin-titulo-71-768x518.jpg 768w, https:\/\/mundodelcafe.com.pe\/wp-content\/uploads\/2023\/03\/Diseno-sin-titulo-71-600x405.jpg 600w\" sizes=\"auto, (max-width: 860px) 100vw, 860px\" \/>\t\t\t\t\t\t\t\t\t\t\t\t\t\t\t<\/div>\n\t\t\t\t<\/div>\n\t\t\t\t<div class=\"elementor-element elementor-element-6856e73 elementor-widget elementor-widget-text-editor\" data-id=\"6856e73\" data-element_type=\"widget\" data-widget_type=\"text-editor.default\">\n\t\t\t\t<div class=\"elementor-widget-container\">\n\t\t\t\t\t\t\t<div class=\"et_pb_module et_pb_text et_pb_text_8 et_pb_text_align_center et_pb_bg_layout_light\"><h4 class=\"et_pb_text_inner\">GRADO 1<\/h4><\/div><div class=\"et_pb_module et_pb_text et_pb_text_9 et_pb_text_align_center et_pb_bg_layout_light\"><div class=\"et_pb_text_inner\">Altura: 1,200 \u2013 1,800 m.s.n.m. M\u00e1ximo: 15 defectos secundarios<\/div><\/div>\t\t\t\t\t\t<\/div>\n\t\t\t\t<\/div>\n\t\t\t\t\t<\/div>\n\t\t<\/div>\n\t\t\t\t<div class=\"elementor-column elementor-col-25 elementor-top-column elementor-element elementor-element-5dd0dd1\" data-id=\"5dd0dd1\" data-element_type=\"column\">\n\t\t\t<div class=\"elementor-widget-wrap elementor-element-populated\">\n\t\t\t\t\t\t\t\t<div class=\"elementor-element elementor-element-f9d7f9a elementor-widget elementor-widget-image\" data-id=\"f9d7f9a\" data-element_type=\"widget\" data-widget_type=\"image.default\">\n\t\t\t\t<div class=\"elementor-widget-container\">\n\t\t\t\t\t\t\t\t\t\t\t\t\t\t\t<img loading=\"lazy\" decoding=\"async\" width=\"860\" height=\"580\" src=\"https:\/\/mundodelcafe.com.pe\/wp-content\/uploads\/2023\/03\/Diseno-sin-titulo-71.jpg\" class=\"attachment-large size-large wp-image-6067\" alt=\"\" srcset=\"https:\/\/mundodelcafe.com.pe\/wp-content\/uploads\/2023\/03\/Diseno-sin-titulo-71.jpg 860w, https:\/\/mundodelcafe.com.pe\/wp-content\/uploads\/2023\/03\/Diseno-sin-titulo-71-300x202.jpg 300w, https:\/\/mundodelcafe.com.pe\/wp-content\/uploads\/2023\/03\/Diseno-sin-titulo-71-768x518.jpg 768w, https:\/\/mundodelcafe.com.pe\/wp-content\/uploads\/2023\/03\/Diseno-sin-titulo-71-600x405.jpg 600w\" sizes=\"auto, (max-width: 860px) 100vw, 860px\" \/>\t\t\t\t\t\t\t\t\t\t\t\t\t\t\t<\/div>\n\t\t\t\t<\/div>\n\t\t\t\t<div class=\"elementor-element elementor-element-b3eb402 elementor-widget elementor-widget-text-editor\" data-id=\"b3eb402\" data-element_type=\"widget\" data-widget_type=\"text-editor.default\">\n\t\t\t\t<div class=\"elementor-widget-container\">\n\t\t\t\t\t\t\t<div class=\"et_pb_module et_pb_text et_pb_text_8 et_pb_text_align_center et_pb_bg_layout_light\"><div class=\"et_pb_module et_pb_text et_pb_text_10  et_pb_text_align_center et_pb_bg_layout_light\"><h4 class=\"et_pb_text_inner\">GRADO 2<\/h4><\/div><div class=\"et_pb_module et_pb_text et_pb_text_11  et_pb_text_align_center et_pb_bg_layout_light\"><div class=\"et_pb_text_inner\">Altura: 800 \u2013 1,400 m.s.n.m. M\u00e1ximo: 25 defectos secundarios<\/div><\/div><\/div>\t\t\t\t\t\t<\/div>\n\t\t\t\t<\/div>\n\t\t\t\t\t<\/div>\n\t\t<\/div>\n\t\t\t\t<div class=\"elementor-column elementor-col-25 elementor-top-column elementor-element elementor-element-76c21bb\" data-id=\"76c21bb\" data-element_type=\"column\">\n\t\t\t<div class=\"elementor-widget-wrap elementor-element-populated\">\n\t\t\t\t\t\t\t\t<div class=\"elementor-element elementor-element-b3afc73 elementor-widget elementor-widget-image\" data-id=\"b3afc73\" data-element_type=\"widget\" data-widget_type=\"image.default\">\n\t\t\t\t<div class=\"elementor-widget-container\">\n\t\t\t\t\t\t\t\t\t\t\t\t\t\t\t<img loading=\"lazy\" decoding=\"async\" width=\"860\" height=\"580\" src=\"https:\/\/mundodelcafe.com.pe\/wp-content\/uploads\/2023\/03\/Diseno-sin-titulo-71.jpg\" class=\"attachment-large size-large wp-image-6067\" alt=\"\" srcset=\"https:\/\/mundodelcafe.com.pe\/wp-content\/uploads\/2023\/03\/Diseno-sin-titulo-71.jpg 860w, https:\/\/mundodelcafe.com.pe\/wp-content\/uploads\/2023\/03\/Diseno-sin-titulo-71-300x202.jpg 300w, https:\/\/mundodelcafe.com.pe\/wp-content\/uploads\/2023\/03\/Diseno-sin-titulo-71-768x518.jpg 768w, https:\/\/mundodelcafe.com.pe\/wp-content\/uploads\/2023\/03\/Diseno-sin-titulo-71-600x405.jpg 600w\" sizes=\"auto, (max-width: 860px) 100vw, 860px\" \/>\t\t\t\t\t\t\t\t\t\t\t\t\t\t\t<\/div>\n\t\t\t\t<\/div>\n\t\t\t\t<div class=\"elementor-element elementor-element-6f5f116 elementor-widget elementor-widget-text-editor\" data-id=\"6f5f116\" data-element_type=\"widget\" data-widget_type=\"text-editor.default\">\n\t\t\t\t<div class=\"elementor-widget-container\">\n\t\t\t\t\t\t\t<div class=\"et_pb_module et_pb_text et_pb_text_8 et_pb_text_align_center et_pb_bg_layout_light\"><div class=\"et_pb_module et_pb_text et_pb_text_10 et_pb_text_align_center et_pb_bg_layout_light\"><div class=\"et_pb_module et_pb_text et_pb_text_12  et_pb_text_align_center et_pb_bg_layout_light\"><h4 class=\"et_pb_text_inner\">GRADO 3<\/h4><\/div><div class=\"et_pb_module et_pb_text et_pb_text_13  et_pb_text_align_center et_pb_bg_layout_light\"><div class=\"et_pb_text_inner\">Altura: 800 \u2013 1,400 m.s.n.m. M\u00e1ximo: 35 defectos secundarios<\/div><\/div><\/div><\/div>\t\t\t\t\t\t<\/div>\n\t\t\t\t<\/div>\n\t\t\t\t\t<\/div>\n\t\t<\/div>\n\t\t\t\t<div class=\"elementor-column elementor-col-25 elementor-top-column elementor-element elementor-element-0b03a8f\" data-id=\"0b03a8f\" data-element_type=\"column\">\n\t\t\t<div class=\"elementor-widget-wrap elementor-element-populated\">\n\t\t\t\t\t\t\t\t<div class=\"elementor-element elementor-element-cca6a15 elementor-widget elementor-widget-image\" data-id=\"cca6a15\" data-element_type=\"widget\" data-widget_type=\"image.default\">\n\t\t\t\t<div class=\"elementor-widget-container\">\n\t\t\t\t\t\t\t\t\t\t\t\t\t\t\t<img loading=\"lazy\" decoding=\"async\" width=\"860\" height=\"580\" src=\"https:\/\/mundodelcafe.com.pe\/wp-content\/uploads\/2023\/03\/Diseno-sin-titulo-71.jpg\" class=\"attachment-large size-large wp-image-6067\" alt=\"\" srcset=\"https:\/\/mundodelcafe.com.pe\/wp-content\/uploads\/2023\/03\/Diseno-sin-titulo-71.jpg 860w, https:\/\/mundodelcafe.com.pe\/wp-content\/uploads\/2023\/03\/Diseno-sin-titulo-71-300x202.jpg 300w, https:\/\/mundodelcafe.com.pe\/wp-content\/uploads\/2023\/03\/Diseno-sin-titulo-71-768x518.jpg 768w, https:\/\/mundodelcafe.com.pe\/wp-content\/uploads\/2023\/03\/Diseno-sin-titulo-71-600x405.jpg 600w\" sizes=\"auto, (max-width: 860px) 100vw, 860px\" \/>\t\t\t\t\t\t\t\t\t\t\t\t\t\t\t<\/div>\n\t\t\t\t<\/div>\n\t\t\t\t<div class=\"elementor-element elementor-element-e2f4b79 elementor-widget elementor-widget-text-editor\" data-id=\"e2f4b79\" data-element_type=\"widget\" data-widget_type=\"text-editor.default\">\n\t\t\t\t<div class=\"elementor-widget-container\">\n\t\t\t\t\t\t\t<div class=\"et_pb_module et_pb_text et_pb_text_8 et_pb_text_align_center et_pb_bg_layout_light\"><div class=\"et_pb_module et_pb_text et_pb_text_10 et_pb_text_align_center et_pb_bg_layout_light\"><div class=\"et_pb_module et_pb_text et_pb_text_12 et_pb_text_align_center et_pb_bg_layout_light\"><div class=\"et_pb_module et_pb_text et_pb_text_14  et_pb_text_align_center et_pb_bg_layout_light\"><h4 class=\"et_pb_text_inner\">GRADO 4<\/h4><\/div><div class=\"et_pb_module et_pb_text et_pb_text_15  et_pb_text_align_center et_pb_bg_layout_light\"><div class=\"et_pb_text_inner\">Altura: 800 \u2013 1,400 m.s.n.m. M\u00e1ximo: 70 defectos secundarios<\/div><\/div><\/div><\/div><\/div>\t\t\t\t\t\t<\/div>\n\t\t\t\t<\/div>\n\t\t\t\t\t<\/div>\n\t\t<\/div>\n\t\t\t\t\t\t\t<\/div>\n\t\t<\/section>\n\t\t\t\t\t\t\t<\/div>\n\t\t","protected":false},"excerpt":{"rendered":"<p>Caf\u00e9 verde Granos de la mejor calidad Fina selecci\u00f3n de los mejores granos de caf\u00e9 cultivados principalmente en el valle de La Convenci\u00f3n en la regi\u00f3n sur de Cusco, y del valle de Chanchamayo en la regi\u00f3n de la selva &hellip; <a href=\"https:\/\/mundodelcafe.com.pe\/index.php\/cafe-verde\/\">Readmore<\/a><\/p>\n","protected":false},"author":1,"featured_media":0,"parent":0,"menu_order":0,"comment_status":"closed","ping_status":"closed","template":"","meta":{"footnotes":""},"class_list":["post-6047","page","type-page","status-publish","hentry"],"_links":{"self":[{"href":"https:\/\/mundodelcafe.com.pe\/index.php\/wp-json\/wp\/v2\/pages\/6047","targetHints":{"allow":["GET"]}}],"collection":[{"href":"https:\/\/mundodelcafe.com.pe\/index.php\/wp-json\/wp\/v2\/pages"}],"about":[{"href":"https:\/\/mundodelcafe.com.pe\/index.php\/wp-json\/wp\/v2\/types\/page"}],"author":[{"embeddable":true,"href":"https:\/\/mundodelcafe.com.pe\/index.php\/wp-json\/wp\/v2\/users\/1"}],"replies":[{"embeddable":true,"href":"https:\/\/mundodelcafe.com.pe\/index.php\/wp-json\/wp\/v2\/comments?post=6047"}],"version-history":[{"count":18,"href":"https:\/\/mundodelcafe.com.pe\/index.php\/wp-json\/wp\/v2\/pages\/6047\/revisions"}],"predecessor-version":[{"id":6239,"href":"https:\/\/mundodelcafe.com.pe\/index.php\/wp-json\/wp\/v2\/pages\/6047\/revisions\/6239"}],"wp:attachment":[{"href":"https:\/\/mundodelcafe.com.pe\/index.php\/wp-json\/wp\/v2\/media?parent=6047"}],"curies":[{"name":"wp","href":"https:\/\/api.w.org\/{rel}","templated":true}]}}