{"id":6098,"date":"2023-03-14T03:55:44","date_gmt":"2023-03-14T03:55:44","guid":{"rendered":"https:\/\/mundodelcafe.com.pe\/?page_id=6098"},"modified":"2023-03-14T03:57:51","modified_gmt":"2023-03-14T03:57:51","slug":"analisis-de-muestras","status":"publish","type":"page","link":"https:\/\/mundodelcafe.com.pe\/index.php\/analisis-de-muestras\/","title":{"rendered":"AN\u00c1LISIS DE MUESTRAS"},"content":{"rendered":"\t\t<div data-elementor-type=\"wp-page\" data-elementor-id=\"6098\" class=\"elementor elementor-6098\">\n\t\t\t\t\t\t\t\t\t<section class=\"elementor-section elementor-top-section elementor-element elementor-element-4b5ffa6e elementor-section-boxed elementor-section-height-default elementor-section-height-default\" data-id=\"4b5ffa6e\" data-element_type=\"section\" data-settings=\"{&quot;background_background&quot;:&quot;classic&quot;}\">\n\t\t\t\t\t\t\t<div class=\"elementor-background-overlay\"><\/div>\n\t\t\t\t\t\t\t<div class=\"elementor-container elementor-column-gap-default\">\n\t\t\t\t\t<div class=\"elementor-column elementor-col-100 elementor-top-column elementor-element elementor-element-700fdc1c\" data-id=\"700fdc1c\" data-element_type=\"column\">\n\t\t\t<div class=\"elementor-widget-wrap elementor-element-populated\">\n\t\t\t\t\t\t\t\t<div class=\"elementor-element elementor-element-162c11d1 elementor-widget elementor-widget-heading\" data-id=\"162c11d1\" data-element_type=\"widget\" data-widget_type=\"heading.default\">\n\t\t\t\t<div class=\"elementor-widget-container\">\n\t\t\t<style>\/*! elementor - v3.11.2 - 22-02-2023 *\/\n.elementor-heading-title{padding:0;margin:0;line-height:1}.elementor-widget-heading .elementor-heading-title[class*=elementor-size-]>a{color:inherit;font-size:inherit;line-height:inherit}.elementor-widget-heading .elementor-heading-title.elementor-size-small{font-size:15px}.elementor-widget-heading .elementor-heading-title.elementor-size-medium{font-size:19px}.elementor-widget-heading .elementor-heading-title.elementor-size-large{font-size:29px}.elementor-widget-heading .elementor-heading-title.elementor-size-xl{font-size:39px}.elementor-widget-heading .elementor-heading-title.elementor-size-xxl{font-size:59px}<\/style><h2 class=\"elementor-heading-title elementor-size-default\">An\u00e1lisis de muestras<\/h2>\t\t<\/div>\n\t\t\t\t<\/div>\n\t\t\t\t\t<\/div>\n\t\t<\/div>\n\t\t\t\t\t\t\t<\/div>\n\t\t<\/section>\n\t\t\t\t<section class=\"elementor-section elementor-top-section elementor-element elementor-element-1fff26b7 elementor-section-boxed elementor-section-height-default elementor-section-height-default\" data-id=\"1fff26b7\" data-element_type=\"section\">\n\t\t\t\t\t\t<div class=\"elementor-container elementor-column-gap-default\">\n\t\t\t\t\t<div class=\"elementor-column elementor-col-50 elementor-top-column elementor-element elementor-element-5398f36b\" data-id=\"5398f36b\" data-element_type=\"column\">\n\t\t\t<div class=\"elementor-widget-wrap elementor-element-populated\">\n\t\t\t\t\t\t\t\t<div class=\"elementor-element elementor-element-68c9417c elementor-widget elementor-widget-image\" data-id=\"68c9417c\" data-element_type=\"widget\" data-widget_type=\"image.default\">\n\t\t\t\t<div class=\"elementor-widget-container\">\n\t\t\t<style>\/*! elementor - v3.11.2 - 22-02-2023 *\/\n.elementor-widget-image{text-align:center}.elementor-widget-image a{display:inline-block}.elementor-widget-image a img[src$=\".svg\"]{width:48px}.elementor-widget-image img{vertical-align:middle;display:inline-block}<\/style>\t\t\t\t\t\t\t\t\t\t\t\t<img loading=\"lazy\" decoding=\"async\" width=\"860\" height=\"580\" src=\"https:\/\/mundodelcafe.com.pe\/wp-content\/uploads\/2023\/03\/Diseno-sin-titulo-74.jpg\" class=\"attachment-large size-large wp-image-6102\" alt=\"\" srcset=\"https:\/\/mundodelcafe.com.pe\/wp-content\/uploads\/2023\/03\/Diseno-sin-titulo-74.jpg 860w, https:\/\/mundodelcafe.com.pe\/wp-content\/uploads\/2023\/03\/Diseno-sin-titulo-74-300x202.jpg 300w, https:\/\/mundodelcafe.com.pe\/wp-content\/uploads\/2023\/03\/Diseno-sin-titulo-74-768x518.jpg 768w, https:\/\/mundodelcafe.com.pe\/wp-content\/uploads\/2023\/03\/Diseno-sin-titulo-74-600x405.jpg 600w\" sizes=\"auto, (max-width: 860px) 100vw, 860px\" \/>\t\t\t\t\t\t\t\t\t\t\t\t\t\t\t<\/div>\n\t\t\t\t<\/div>\n\t\t\t\t\t<\/div>\n\t\t<\/div>\n\t\t\t\t<div class=\"elementor-column elementor-col-50 elementor-top-column elementor-element elementor-element-263ba360\" data-id=\"263ba360\" data-element_type=\"column\">\n\t\t\t<div class=\"elementor-widget-wrap elementor-element-populated\">\n\t\t\t\t\t\t\t\t<div class=\"elementor-element elementor-element-6e45a9b6 elementor-widget elementor-widget-text-editor\" data-id=\"6e45a9b6\" data-element_type=\"widget\" data-widget_type=\"text-editor.default\">\n\t\t\t\t<div class=\"elementor-widget-container\">\n\t\t\t<style>\/*! elementor - v3.11.2 - 22-02-2023 *\/\n.elementor-widget-text-editor.elementor-drop-cap-view-stacked .elementor-drop-cap{background-color:#818a91;color:#fff}.elementor-widget-text-editor.elementor-drop-cap-view-framed .elementor-drop-cap{color:#818a91;border:3px solid;background-color:transparent}.elementor-widget-text-editor:not(.elementor-drop-cap-view-default) .elementor-drop-cap{margin-top:8px}.elementor-widget-text-editor:not(.elementor-drop-cap-view-default) .elementor-drop-cap-letter{width:1em;height:1em}.elementor-widget-text-editor .elementor-drop-cap{float:left;text-align:center;line-height:1;font-size:50px}.elementor-widget-text-editor .elementor-drop-cap-letter{display:inline-block}<\/style>\t\t\t\t<div class=\"et_pb_module et_pb_text et_pb_text_1  et_pb_text_align_left et_pb_bg_layout_light\"><div class=\"et_pb_text_inner\"><p>Contamos con un laboratorio en cada sede donde ofrecemos el servicio de an\u00e1lisis de muestras a todas las personas involucradas en la cadena productiva del caf\u00e9.<\/p><p><strong>An\u00e1lisis de rendimiento del caf\u00e9 pergamino:<\/strong>\u00a0<br \/>Se toma una muestra del producto ingresado; el cual pasa por una serie de controles de calidad para sacar el porcentaje estimado de producci\u00f3n.<\/p><p><strong>An\u00e1lisis sensorial (Cata):<\/strong>\u00a0<br \/>Necesario para reconocer y contrastar caracter\u00edsticas organol\u00e9pticas particulares de cada caf\u00e9.<\/p><\/div><\/div><div class=\"et_pb_module et_pb_text et_pb_text_2  et_pb_text_align_left et_pb_bg_layout_light\"><div class=\"et_pb_text_inner\"><p><em>*Emitimos un documento interno de los resultados de los an\u00e1lisis realizados.<\/em><\/p><\/div><\/div>\t\t\t\t\t\t<\/div>\n\t\t\t\t<\/div>\n\t\t\t\t\t<\/div>\n\t\t<\/div>\n\t\t\t\t\t\t\t<\/div>\n\t\t<\/section>\n\t\t\t\t\t\t\t<\/div>\n\t\t","protected":false},"excerpt":{"rendered":"<p>An\u00e1lisis de muestras Contamos con un laboratorio en cada sede donde ofrecemos el servicio de an\u00e1lisis de muestras a todas las personas involucradas en la cadena productiva del caf\u00e9. An\u00e1lisis de rendimiento del caf\u00e9 pergamino:\u00a0Se toma una muestra del producto &hellip; <a href=\"https:\/\/mundodelcafe.com.pe\/index.php\/analisis-de-muestras\/\">Readmore<\/a><\/p>\n","protected":false},"author":1,"featured_media":0,"parent":0,"menu_order":0,"comment_status":"closed","ping_status":"closed","template":"","meta":{"footnotes":""},"class_list":["post-6098","page","type-page","status-publish","hentry"],"_links":{"self":[{"href":"https:\/\/mundodelcafe.com.pe\/index.php\/wp-json\/wp\/v2\/pages\/6098","targetHints":{"allow":["GET"]}}],"collection":[{"href":"https:\/\/mundodelcafe.com.pe\/index.php\/wp-json\/wp\/v2\/pages"}],"about":[{"href":"https:\/\/mundodelcafe.com.pe\/index.php\/wp-json\/wp\/v2\/types\/page"}],"author":[{"embeddable":true,"href":"https:\/\/mundodelcafe.com.pe\/index.php\/wp-json\/wp\/v2\/users\/1"}],"replies":[{"embeddable":true,"href":"https:\/\/mundodelcafe.com.pe\/index.php\/wp-json\/wp\/v2\/comments?post=6098"}],"version-history":[{"count":4,"href":"https:\/\/mundodelcafe.com.pe\/index.php\/wp-json\/wp\/v2\/pages\/6098\/revisions"}],"predecessor-version":[{"id":6105,"href":"https:\/\/mundodelcafe.com.pe\/index.php\/wp-json\/wp\/v2\/pages\/6098\/revisions\/6105"}],"wp:attachment":[{"href":"https:\/\/mundodelcafe.com.pe\/index.php\/wp-json\/wp\/v2\/media?parent=6098"}],"curies":[{"name":"wp","href":"https:\/\/api.w.org\/{rel}","templated":true}]}}