{"id":5814,"date":"2022-09-22T20:35:07","date_gmt":"2022-09-22T20:35:07","guid":{"rendered":"https:\/\/mundodelcafe.com.pe\/?post_type=product&#038;p=5814"},"modified":"2023-07-13T14:00:58","modified_gmt":"2023-07-13T14:00:58","slug":"cafetera-chemex","status":"publish","type":"product","link":"https:\/\/mundodelcafe.com.pe\/index.php\/product\/cafetera-chemex\/","title":{"rendered":"Cafetera Chemex"},"content":{"rendered":"","protected":false},"excerpt":{"rendered":"<p>Chemex es un m\u00e9todo de extracci\u00f3n fascinante, no solo por sus elegantes formas, sino porque, bien preparado, permite obtener un caf\u00e9 limpio, libre de aceites, en el que se intensifican todos los aromas y sabores del grano tostado.<\/p>\n","protected":false},"featured_media":6523,"comment_status":"open","ping_status":"closed","template":"","meta":[],"product_cat":[240],"product_tag":[],"class_list":["post-5814","product","type-product","status-publish","has-post-thumbnail","hentry","product_cat-cafeteras"],"_links":{"self":[{"href":"https:\/\/mundodelcafe.com.pe\/index.php\/wp-json\/wp\/v2\/product\/5814","targetHints":{"allow":["GET"]}}],"collection":[{"href":"https:\/\/mundodelcafe.com.pe\/index.php\/wp-json\/wp\/v2\/product"}],"about":[{"href":"https:\/\/mundodelcafe.com.pe\/index.php\/wp-json\/wp\/v2\/types\/product"}],"replies":[{"embeddable":true,"href":"https:\/\/mundodelcafe.com.pe\/index.php\/wp-json\/wp\/v2\/comments?post=5814"}],"wp:featuredmedia":[{"embeddable":true,"href":"https:\/\/mundodelcafe.com.pe\/index.php\/wp-json\/wp\/v2\/media\/6523"}],"wp:attachment":[{"href":"https:\/\/mundodelcafe.com.pe\/index.php\/wp-json\/wp\/v2\/media?parent=5814"}],"wp:term":[{"taxonomy":"product_cat","embeddable":true,"href":"https:\/\/mundodelcafe.com.pe\/index.php\/wp-json\/wp\/v2\/product_cat?post=5814"},{"taxonomy":"product_tag","embeddable":true,"href":"https:\/\/mundodelcafe.com.pe\/index.php\/wp-json\/wp\/v2\/product_tag?post=5814"}],"curies":[{"name":"wp","href":"https:\/\/api.w.org\/{rel}","templated":true}]}}