{"id":5816,"date":"2022-09-22T20:37:54","date_gmt":"2022-09-22T20:37:54","guid":{"rendered":"https:\/\/mundodelcafe.com.pe\/?post_type=product&#038;p=5816"},"modified":"2026-04-14T05:05:05","modified_gmt":"2026-04-14T05:05:05","slug":"cafetera-v60","status":"publish","type":"product","link":"https:\/\/mundodelcafe.com.pe\/index.php\/product\/cafetera-v60\/","title":{"rendered":"Cafetera V60"},"content":{"rendered":"","protected":false},"excerpt":{"rendered":"<p>V60 es un m\u00e9todo por goteo con forma c\u00f3nica, sus paredes cuentan con salientes en espiral que evitan el paso del aire permitiendo oxigenaci\u00f3n para lograr una taza que resalte el cuerpo y la acidez. Se obtiene una taza con cuerpo, textura sedosa, arom\u00e1tica y con acidez que se transforma en dulzor<\/p>\n","protected":false},"featured_media":6237,"comment_status":"open","ping_status":"closed","template":"","meta":[],"product_cat":[240],"product_tag":[247],"class_list":["post-5816","product","type-product","status-publish","has-post-thumbnail","hentry","product_cat-cafeteras","product_tag-cafetera-v60"],"_links":{"self":[{"href":"https:\/\/mundodelcafe.com.pe\/index.php\/wp-json\/wp\/v2\/product\/5816","targetHints":{"allow":["GET"]}}],"collection":[{"href":"https:\/\/mundodelcafe.com.pe\/index.php\/wp-json\/wp\/v2\/product"}],"about":[{"href":"https:\/\/mundodelcafe.com.pe\/index.php\/wp-json\/wp\/v2\/types\/product"}],"replies":[{"embeddable":true,"href":"https:\/\/mundodelcafe.com.pe\/index.php\/wp-json\/wp\/v2\/comments?post=5816"}],"wp:featuredmedia":[{"embeddable":true,"href":"https:\/\/mundodelcafe.com.pe\/index.php\/wp-json\/wp\/v2\/media\/6237"}],"wp:attachment":[{"href":"https:\/\/mundodelcafe.com.pe\/index.php\/wp-json\/wp\/v2\/media?parent=5816"}],"wp:term":[{"taxonomy":"product_cat","embeddable":true,"href":"https:\/\/mundodelcafe.com.pe\/index.php\/wp-json\/wp\/v2\/product_cat?post=5816"},{"taxonomy":"product_tag","embeddable":true,"href":"https:\/\/mundodelcafe.com.pe\/index.php\/wp-json\/wp\/v2\/product_tag?post=5816"}],"curies":[{"name":"wp","href":"https:\/\/api.w.org\/{rel}","templated":true}]}}