{"id":5856,"date":"2022-09-22T21:32:56","date_gmt":"2022-09-22T21:32:56","guid":{"rendered":"https:\/\/mundodelcafe.com.pe\/?post_type=product&#038;p=5856"},"modified":"2024-01-26T15:52:01","modified_gmt":"2024-01-26T15:52:01","slug":"prensa-francesa-800-ml-inox","status":"publish","type":"product","link":"https:\/\/mundodelcafe.com.pe\/index.php\/product\/prensa-francesa-800-ml-inox\/","title":{"rendered":"Prensa Francesa 800 ML acero inoxidable"},"content":{"rendered":"","protected":false},"excerpt":{"rendered":"<p>La prensa francesa es un tipo de cafetera de \u00e9mbolo o de pist\u00f3n con el que se puede obtener una excelente taza de caf\u00e9 de forma f\u00e1cil y r\u00e1pida.<br \/>\nEste sistema tiene numerosas ventajas. Se puede preparar una gran cantidad de caf\u00e9 con rapidez, no necesita electricidad, se limpia f\u00e1cilmente y no necesita mantenimiento. Es ideal para obtener un buen caf\u00e9, con mucho cuerpo, intenso y sabroso, sin complicarse la vida.<\/p>\n","protected":false},"featured_media":6214,"comment_status":"open","ping_status":"closed","template":"","meta":[],"product_cat":[243],"product_tag":[267,248],"class_list":["post-5856","product","type-product","status-publish","has-post-thumbnail","hentry","product_cat-prensas-francesas","product_tag-prensa-de-cafe","product_tag-prensa-francesa"],"_links":{"self":[{"href":"https:\/\/mundodelcafe.com.pe\/index.php\/wp-json\/wp\/v2\/product\/5856","targetHints":{"allow":["GET"]}}],"collection":[{"href":"https:\/\/mundodelcafe.com.pe\/index.php\/wp-json\/wp\/v2\/product"}],"about":[{"href":"https:\/\/mundodelcafe.com.pe\/index.php\/wp-json\/wp\/v2\/types\/product"}],"replies":[{"embeddable":true,"href":"https:\/\/mundodelcafe.com.pe\/index.php\/wp-json\/wp\/v2\/comments?post=5856"}],"wp:featuredmedia":[{"embeddable":true,"href":"https:\/\/mundodelcafe.com.pe\/index.php\/wp-json\/wp\/v2\/media\/6214"}],"wp:attachment":[{"href":"https:\/\/mundodelcafe.com.pe\/index.php\/wp-json\/wp\/v2\/media?parent=5856"}],"wp:term":[{"taxonomy":"product_cat","embeddable":true,"href":"https:\/\/mundodelcafe.com.pe\/index.php\/wp-json\/wp\/v2\/product_cat?post=5856"},{"taxonomy":"product_tag","embeddable":true,"href":"https:\/\/mundodelcafe.com.pe\/index.php\/wp-json\/wp\/v2\/product_tag?post=5856"}],"curies":[{"name":"wp","href":"https:\/\/api.w.org\/{rel}","templated":true}]}}