{"id":6167,"date":"2023-03-20T12:44:14","date_gmt":"2023-03-20T12:44:14","guid":{"rendered":"https:\/\/mundodelcafe.com.pe\/?post_type=product&#038;p=6167"},"modified":"2023-06-01T12:50:01","modified_gmt":"2023-06-01T12:50:01","slug":"miel-organico-500-gr","status":"publish","type":"product","link":"https:\/\/mundodelcafe.com.pe\/index.php\/product\/miel-organico-500-gr\/","title":{"rendered":"Miel Org\u00e1nico 500 gr"},"content":{"rendered":"<p>CORDERO ECOL\u00d3GICO 500 GR<\/p>\n<p>Es Miel Multifloral que cuenta con todas la medidas sanitarias de procesamiento y envasado, adem\u00e1s es pasteurizada para garantizar su conservaci\u00f3n del producto. Es producidos por los peque\u00f1os agricultores de la Provincia de Sandia &#8211; Puno.<\/p>\n","protected":false},"excerpt":{"rendered":"<p>CORDERO ECOL\u00d3GICO 500 GR Es Miel Multifloral que cuenta con todas la medidas sanitarias de procesamiento y envasado, adem\u00e1s es pasteurizada para garantizar su conservaci\u00f3n del producto. Es producidos por los peque\u00f1os agricultores de la Provincia de Sandia &#8211; Puno.<\/p>\n","protected":false},"featured_media":6207,"comment_status":"open","ping_status":"closed","template":"","meta":[],"product_cat":[288],"product_tag":[],"class_list":["post-6167","product","type-product","status-publish","has-post-thumbnail","hentry","product_cat-endulzantes-organicos"],"_links":{"self":[{"href":"https:\/\/mundodelcafe.com.pe\/index.php\/wp-json\/wp\/v2\/product\/6167","targetHints":{"allow":["GET"]}}],"collection":[{"href":"https:\/\/mundodelcafe.com.pe\/index.php\/wp-json\/wp\/v2\/product"}],"about":[{"href":"https:\/\/mundodelcafe.com.pe\/index.php\/wp-json\/wp\/v2\/types\/product"}],"replies":[{"embeddable":true,"href":"https:\/\/mundodelcafe.com.pe\/index.php\/wp-json\/wp\/v2\/comments?post=6167"}],"wp:featuredmedia":[{"embeddable":true,"href":"https:\/\/mundodelcafe.com.pe\/index.php\/wp-json\/wp\/v2\/media\/6207"}],"wp:attachment":[{"href":"https:\/\/mundodelcafe.com.pe\/index.php\/wp-json\/wp\/v2\/media?parent=6167"}],"wp:term":[{"taxonomy":"product_cat","embeddable":true,"href":"https:\/\/mundodelcafe.com.pe\/index.php\/wp-json\/wp\/v2\/product_cat?post=6167"},{"taxonomy":"product_tag","embeddable":true,"href":"https:\/\/mundodelcafe.com.pe\/index.php\/wp-json\/wp\/v2\/product_tag?post=6167"}],"curies":[{"name":"wp","href":"https:\/\/api.w.org\/{rel}","templated":true}]}}